{"id":855,"date":"2026-03-17T18:23:34","date_gmt":"2026-03-17T18:23:34","guid":{"rendered":"https:\/\/dumoulinosh.com\/?page_id=855"},"modified":"2026-04-07T07:28:44","modified_gmt":"2026-04-07T07:28:44","slug":"certificaciones","status":"publish","type":"page","link":"https:\/\/dumoulinosh.com\/en\/certificaciones\/","title":{"rendered":"Certifications"},"content":{"rendered":"<div data-elementor-type=\"wp-page\" data-elementor-id=\"855\" class=\"elementor elementor-855\" data-elementor-post-type=\"page\">\n\t\t\t\t<div data-dce-background-image-url=\"https:\/\/dumoulinosh.com\/wp-content\/uploads\/2026\/03\/Diseno-sin-titulo-51-scaled.png\" class=\"elementor-element elementor-element-l6kx9xs e-flex e-con-boxed e-con e-parent\" data-id=\"l6kx9xs\" data-element_type=\"container\" data-e-type=\"container\" data-settings=\"{&quot;background_background&quot;:&quot;classic&quot;}\">\n\t\t\t\t\t<div class=\"e-con-inner\">\n\t\t\t\t<div class=\"elementor-element elementor-element-e8fc76d elementor-widget__width-initial elementor-widget elementor-widget-heading\" data-id=\"e8fc76d\" data-element_type=\"widget\" data-e-type=\"widget\" data-settings=\"{&quot;enabled_reveal&quot;:&quot;yes&quot;,&quot;reveal_direction&quot;:&quot;rl&quot;,&quot;reveal_speed&quot;:{&quot;unit&quot;:&quot;s&quot;,&quot;size&quot;:8.1,&quot;sizes&quot;:[]},&quot;reveal_bgcolor&quot;:&quot;#136AA426&quot;,&quot;reveal_delay&quot;:{&quot;unit&quot;:&quot;s&quot;,&quot;size&quot;:0,&quot;sizes&quot;:[]}}\" data-widget_type=\"heading.default\">\n\t\t\t\t\t<div id=\"reveal-e8fc76d\" class=\"revealFx\"><h1 class=\"elementor-heading-title elementor-size-default\">Ensure your regulatory compliance with ICR 59 and ICR 60 certifications<\/h1><\/div>\t\t\t\t<\/div>\n\t\t\t\t<div class=\"elementor-element elementor-element-1bb0b14 elementor-widget__width-initial elementor-widget elementor-widget-text-editor\" data-id=\"1bb0b14\" data-element_type=\"widget\" data-e-type=\"widget\" data-settings=\"{&quot;enabled_reveal&quot;:&quot;yes&quot;,&quot;reveal_speed&quot;:{&quot;unit&quot;:&quot;s&quot;,&quot;size&quot;:8.4,&quot;sizes&quot;:[]},&quot;reveal_bgcolor&quot;:&quot;#136AA426&quot;,&quot;reveal_direction&quot;:&quot;c&quot;,&quot;reveal_delay&quot;:{&quot;unit&quot;:&quot;s&quot;,&quot;size&quot;:0,&quot;sizes&quot;:[]}}\" data-widget_type=\"text-editor.default\">\n\t\t\t\t\t<div id=\"reveal-1bb0b14\" class=\"revealFx\">\t\t\t\t<p>Get your workplace safety certifications quickly, securely and under Dumoulin standards.<\/p>\t\t\t\t<\/div>\t\t\t\t<\/div>\n\t\t\t\t\t<\/div>\n\t\t\t\t<\/div>\n\t\t<div class=\"elementor-element elementor-element-uce3x27 e-flex e-con-boxed e-con e-parent\" data-id=\"uce3x27\" data-element_type=\"container\" data-e-type=\"container\" data-settings=\"{&quot;background_background&quot;:&quot;classic&quot;}\">\n\t\t\t\t\t<div class=\"e-con-inner\">\n\t\t\t\t<div class=\"elementor-element elementor-element-2ebbeac elementor-widget elementor-widget-icon-box\" data-id=\"2ebbeac\" data-element_type=\"widget\" data-e-type=\"widget\" data-widget_type=\"icon-box.default\">\n\t\t\t\t\t\t\t<div class=\"elementor-icon-box-wrapper\">\n\n\t\t\t\n\t\t\t\t\t\t<div class=\"elementor-icon-box-content\">\n\n\t\t\t\t\t\t\t\t\t<p class=\"elementor-icon-box-title\">\n\t\t\t\t\t\t<span  >\n\t\t\t\t\t\t\tMANDATORY LEGAL COMPLIANCE\t\t\t\t\t\t<\/span>\n\t\t\t\t\t<\/p>\n\t\t\t\t\n\t\t\t\t\n\t\t\t<\/div>\n\t\t\t\n\t\t<\/div>\n\t\t\t\t\t\t<\/div>\n\t\t\t\t<div class=\"elementor-element elementor-element-df3e544 elementor-widget elementor-widget-heading\" data-id=\"df3e544\" data-element_type=\"widget\" data-e-type=\"widget\" data-widget_type=\"heading.default\">\n\t\t\t\t\t<h2 class=\"elementor-heading-title elementor-size-default\">ICR 59 CSC Certification<\/h2>\t\t\t\t<\/div>\n\t\t\t\t<div data-dce-text-color=\"#000000\" class=\"elementor-element elementor-element-e8b091f elementor-widget elementor-widget-text-editor\" data-id=\"e8b091f\" data-element_type=\"widget\" data-e-type=\"widget\" data-widget_type=\"text-editor.default\">\n\t\t\t\t\t\t\t\t\t<p>Don't leave your company's compliance to chance. We provide expert technical advice to certify your operations under the ICR 59 standard, ensuring a regulated and secure work environment.<\/p>\t\t\t\t\t\t\t\t<\/div>\n\t\t\t\t<div class=\"elementor-element elementor-element-c2c3f0b elementor-align-center elementor-widget elementor-widget-button\" data-id=\"c2c3f0b\" data-element_type=\"widget\" data-e-type=\"widget\" data-widget_type=\"button.default\">\n\t\t\t\t\t\t\t\t\t\t<a class=\"elementor-button elementor-button-link elementor-size-sm\" href=\"https:\/\/wa.me\/529173456415?text=Hola,%20me%20interesa%20la%20certificaci\u00f3n%20ICR%2059%20CSC.%20\u00bfPodr\u00edan%20brindarme%20m\u00e1s%20informaci\u00f3n%20sobre%20beneficios,%20costos%20y%20fechas%20disponibles?\">\n\t\t\t\t\t\t<span class=\"elementor-button-content-wrapper\">\n\t\t\t\t\t\t\t\t\t<span class=\"elementor-button-text\">Obtain ICR 59 Certification<\/span>\n\t\t\t\t\t<\/span>\n\t\t\t\t\t<\/a>\n\t\t\t\t\t\t\t\t<\/div>\n\t\t<div class=\"elementor-element elementor-element-57e1a25 e-grid e-con-full e-con e-child\" data-id=\"57e1a25\" data-element_type=\"container\" data-e-type=\"container\">\n\t\t<div class=\"elementor-element elementor-element-13a945a e-con-full e-flex e-con e-child\" data-id=\"13a945a\" data-element_type=\"container\" data-e-type=\"container\" data-settings=\"{&quot;background_background&quot;:&quot;classic&quot;}\">\n\t\t\t\t<div class=\"elementor-element elementor-element-ab854bd dce_masking-none elementor-widget elementor-widget-image\" data-id=\"ab854bd\" data-element_type=\"widget\" data-e-type=\"widget\" data-widget_type=\"image.default\">\n\t\t\t\t\t\t\t\t\t\t\t\t\t\t\t<img fetchpriority=\"high\" decoding=\"async\" width=\"2048\" height=\"1536\" src=\"https:\/\/dumoulinosh.com\/wp-content\/uploads\/2026\/03\/gotham-safety-nysdol-icr-59-home-slide-01.jpg\" class=\"attachment-full size-full wp-image-892\" alt=\"\" srcset=\"https:\/\/dumoulinosh.com\/wp-content\/uploads\/2026\/03\/gotham-safety-nysdol-icr-59-home-slide-01.jpg 2048w, https:\/\/dumoulinosh.com\/wp-content\/uploads\/2026\/03\/gotham-safety-nysdol-icr-59-home-slide-01-300x225.jpg 300w, https:\/\/dumoulinosh.com\/wp-content\/uploads\/2026\/03\/gotham-safety-nysdol-icr-59-home-slide-01-1024x768.jpg 1024w, https:\/\/dumoulinosh.com\/wp-content\/uploads\/2026\/03\/gotham-safety-nysdol-icr-59-home-slide-01-768x576.jpg 768w, https:\/\/dumoulinosh.com\/wp-content\/uploads\/2026\/03\/gotham-safety-nysdol-icr-59-home-slide-01-1536x1152.jpg 1536w\" sizes=\"(max-width: 2048px) 100vw, 2048px\" \/>\t\t\t\t\t\t\t\t\t\t\t\t\t\t\t<\/div>\n\t\t\t\t<div class=\"elementor-element elementor-element-9e63852 elementor-widget elementor-widget-icon-box\" data-id=\"9e63852\" data-element_type=\"widget\" data-e-type=\"widget\" data-widget_type=\"icon-box.default\">\n\t\t\t\t\t\t\t<div class=\"elementor-icon-box-wrapper\">\n\n\t\t\t\n\t\t\t\t\t\t<div class=\"elementor-icon-box-content\">\n\n\t\t\t\t\t\t\t\t\t<h5 class=\"elementor-icon-box-title\">\n\t\t\t\t\t\t<span  >\n\t\t\t\t\t\t\tICR\u202f59 \t\t\t\t\t\t<\/span>\n\t\t\t\t\t<\/h5>\n\t\t\t\t\n\t\t\t\t\t\t\t\t\t<p class=\"elementor-icon-box-description\">\n\t\t\t\t\t\tNew York's Industrial Code Rule 59 is the Mandatory Loss Prevention and Safety Program. It is designed for companies with high loss rates or high compensation costs, requiring a strategic risk assessment and a rigorous safety plan to be submitted to the state.\t\t\t\t\t<\/p>\n\t\t\t\t\n\t\t\t<\/div>\n\t\t\t\n\t\t<\/div>\n\t\t\t\t\t\t<\/div>\n\t\t\t\t<\/div>\n\t\t<div class=\"elementor-element elementor-element-6c17e1c e-con-full e-flex e-con e-child\" data-id=\"6c17e1c\" data-element_type=\"container\" data-e-type=\"container\" data-settings=\"{&quot;background_background&quot;:&quot;classic&quot;}\">\n\t\t\t\t<div class=\"elementor-element elementor-element-0ab3f60 dce_masking-none elementor-widget elementor-widget-image\" data-id=\"0ab3f60\" data-element_type=\"widget\" data-e-type=\"widget\" data-widget_type=\"image.default\">\n\t\t\t\t\t\t\t\t\t\t\t\t\t\t\t<img decoding=\"async\" width=\"2560\" height=\"1344\" src=\"https:\/\/dumoulinosh.com\/wp-content\/uploads\/2026\/03\/Diseno-sin-titulo-53-scaled.png\" class=\"attachment-full size-full wp-image-971\" alt=\"\" srcset=\"https:\/\/dumoulinosh.com\/wp-content\/uploads\/2026\/03\/Diseno-sin-titulo-53-scaled.png 2560w, https:\/\/dumoulinosh.com\/wp-content\/uploads\/2026\/03\/Diseno-sin-titulo-53-300x157.png 300w, https:\/\/dumoulinosh.com\/wp-content\/uploads\/2026\/03\/Diseno-sin-titulo-53-1024x538.png 1024w, https:\/\/dumoulinosh.com\/wp-content\/uploads\/2026\/03\/Diseno-sin-titulo-53-768x403.png 768w, https:\/\/dumoulinosh.com\/wp-content\/uploads\/2026\/03\/Diseno-sin-titulo-53-1536x806.png 1536w, https:\/\/dumoulinosh.com\/wp-content\/uploads\/2026\/03\/Diseno-sin-titulo-53-2048x1075.png 2048w\" sizes=\"(max-width: 2560px) 100vw, 2560px\" \/>\t\t\t\t\t\t\t\t\t\t\t\t\t\t\t<\/div>\n\t\t\t\t<div class=\"elementor-element elementor-element-bec77bb elementor-widget elementor-widget-icon-box\" data-id=\"bec77bb\" data-element_type=\"widget\" data-e-type=\"widget\" data-widget_type=\"icon-box.default\">\n\t\t\t\t\t\t\t<div class=\"elementor-icon-box-wrapper\">\n\n\t\t\t\n\t\t\t\t\t\t<div class=\"elementor-icon-box-content\">\n\n\t\t\t\t\t\t\t\t\t<h5 class=\"elementor-icon-box-title\">\n\t\t\t\t\t\t<span  >\n\t\t\t\t\t\t\tCSC (Certified Safety Consultant)\t\t\t\t\t\t<\/span>\n\t\t\t\t\t<\/h5>\n\t\t\t\t\n\t\t\t\t\t\t\t\t\t<p class=\"elementor-icon-box-description\">\n\t\t\t\t\t\tA Certified Security Consultant is the authorized expert professional to manage compliance with ICR 59. We handle risk assessments, develop your action plan, and submit all required technical documentation to the authorities.\t\t\t\t\t<\/p>\n\t\t\t\t\n\t\t\t<\/div>\n\t\t\t\n\t\t<\/div>\n\t\t\t\t\t\t<\/div>\n\t\t\t\t<\/div>\n\t\t\t\t<\/div>\n\t\t\t\t\t<\/div>\n\t\t\t\t<\/div>\n\t\t<div class=\"elementor-element elementor-element-e0f9aa5 e-flex e-con-boxed e-con e-parent\" data-id=\"e0f9aa5\" data-element_type=\"container\" data-e-type=\"container\" data-settings=\"{&quot;background_background&quot;:&quot;classic&quot;}\">\n\t\t\t\t\t<div class=\"e-con-inner\">\n\t\t\t\t<div class=\"elementor-element elementor-element-d06be24 elementor-widget elementor-widget-icon-box\" data-id=\"d06be24\" data-element_type=\"widget\" data-e-type=\"widget\" data-widget_type=\"icon-box.default\">\n\t\t\t\t\t\t\t<div class=\"elementor-icon-box-wrapper\">\n\n\t\t\t\n\t\t\t\t\t\t<div class=\"elementor-icon-box-content\">\n\n\t\t\t\t\t\t\t\t\t<p class=\"elementor-icon-box-title\">\n\t\t\t\t\t\t<span  >\n\t\t\t\t\t\t\tEXCELLENCE IN WORKPLACE SAFETY\t\t\t\t\t\t<\/span>\n\t\t\t\t\t<\/p>\n\t\t\t\t\n\t\t\t\t\n\t\t\t<\/div>\n\t\t\t\n\t\t<\/div>\n\t\t\t\t\t\t<\/div>\n\t\t\t\t<div class=\"elementor-element elementor-element-c0e6272 elementor-widget elementor-widget-heading\" data-id=\"c0e6272\" data-element_type=\"widget\" data-e-type=\"widget\" data-widget_type=\"heading.default\">\n\t\t\t\t\t<h2 class=\"elementor-heading-title elementor-size-default\">Specialists in ICR 60 CSS<\/h2>\t\t\t\t<\/div>\n\t\t\t\t<div class=\"elementor-element elementor-element-607cc42 elementor-widget elementor-widget-text-editor\" data-id=\"607cc42\" data-element_type=\"widget\" data-e-type=\"widget\" data-widget_type=\"text-editor.default\">\n\t\t\t\t\t\t\t\t\t<p>Improve the safety of your workplace through New York's voluntary regulations. We efficiently manage your certification process so your company can take full advantage of the program.<\/p>\t\t\t\t\t\t\t\t<\/div>\n\t\t\t\t<div class=\"elementor-element elementor-element-8ad170b elementor-align-center elementor-widget elementor-widget-button\" data-id=\"8ad170b\" data-element_type=\"widget\" data-e-type=\"widget\" data-widget_type=\"button.default\">\n\t\t\t\t\t\t\t\t\t\t<a class=\"elementor-button elementor-button-link elementor-size-sm\" href=\"https:\/\/wa.me\/529173456415?text=Hola,%20me%20interesa%20la%20certificaci\u00f3n%20ICR%2060%20CSS.%20\u00bfPodr\u00edan%20brindarme%20m\u00e1s%20informaci\u00f3n%20sobre%20beneficios,%20costos%20y%20fechas%20disponibles?\">\n\t\t\t\t\t\t<span class=\"elementor-button-content-wrapper\">\n\t\t\t\t\t\t\t\t\t<span class=\"elementor-button-text\">Start Certification Now<\/span>\n\t\t\t\t\t<\/span>\n\t\t\t\t\t<\/a>\n\t\t\t\t\t\t\t\t<\/div>\n\t\t<div class=\"elementor-element elementor-element-ece22a6 e-grid e-con-full e-con e-child\" data-id=\"ece22a6\" data-element_type=\"container\" data-e-type=\"container\">\n\t\t<div class=\"elementor-element elementor-element-b823787 e-con-full e-flex e-con e-child\" data-id=\"b823787\" data-element_type=\"container\" data-e-type=\"container\" data-settings=\"{&quot;background_background&quot;:&quot;classic&quot;}\">\n\t\t\t\t<div class=\"elementor-element elementor-element-b42d7f4 dce_masking-none elementor-widget elementor-widget-image\" data-id=\"b42d7f4\" data-element_type=\"widget\" data-e-type=\"widget\" data-widget_type=\"image.default\">\n\t\t\t\t\t\t\t\t\t\t\t\t\t\t\t<img decoding=\"async\" width=\"2560\" height=\"1344\" src=\"https:\/\/dumoulinosh.com\/wp-content\/uploads\/2026\/03\/Diseno-sin-titulo-52-scaled.png\" class=\"attachment-full size-full wp-image-842\" alt=\"\" srcset=\"https:\/\/dumoulinosh.com\/wp-content\/uploads\/2026\/03\/Diseno-sin-titulo-52-scaled.png 2560w, https:\/\/dumoulinosh.com\/wp-content\/uploads\/2026\/03\/Diseno-sin-titulo-52-300x158.png 300w, https:\/\/dumoulinosh.com\/wp-content\/uploads\/2026\/03\/Diseno-sin-titulo-52-1024x538.png 1024w, https:\/\/dumoulinosh.com\/wp-content\/uploads\/2026\/03\/Diseno-sin-titulo-52-768x403.png 768w, https:\/\/dumoulinosh.com\/wp-content\/uploads\/2026\/03\/Diseno-sin-titulo-52-1536x807.png 1536w, https:\/\/dumoulinosh.com\/wp-content\/uploads\/2026\/03\/Diseno-sin-titulo-52-2048x1075.png 2048w\" sizes=\"(max-width: 2560px) 100vw, 2560px\" \/>\t\t\t\t\t\t\t\t\t\t\t\t\t\t\t<\/div>\n\t\t\t\t<div class=\"elementor-element elementor-element-f0aaac0 elementor-widget elementor-widget-icon-box\" data-id=\"f0aaac0\" data-element_type=\"widget\" data-e-type=\"widget\" data-widget_type=\"icon-box.default\">\n\t\t\t\t\t\t\t<div class=\"elementor-icon-box-wrapper\">\n\n\t\t\t\n\t\t\t\t\t\t<div class=\"elementor-icon-box-content\">\n\n\t\t\t\t\t\t\t\t\t<h5 class=\"elementor-icon-box-title\">\n\t\t\t\t\t\t<span  >\n\t\t\t\t\t\t\tICR\u202f60\t\t\t\t\t\t<\/span>\n\t\t\t\t\t<\/h5>\n\t\t\t\t\n\t\t\t\t\t\t\t\t\t<p class=\"elementor-icon-box-description\">\n\t\t\t\t\t\tIndustrial Code Rule 60 is New York State's Voluntary Incentive Program designed to reward safety excellence. This program allows employers to earn direct credits on their workers' compensation premiums by implementing certified prevention, safety, and return-to-work systems, thereby optimizing their operating costs.\t\t\t\t\t<\/p>\n\t\t\t\t\n\t\t\t<\/div>\n\t\t\t\n\t\t<\/div>\n\t\t\t\t\t\t<\/div>\n\t\t\t\t<\/div>\n\t\t<div class=\"elementor-element elementor-element-f360ae9 e-con-full e-flex e-con e-child\" data-id=\"f360ae9\" data-element_type=\"container\" data-e-type=\"container\" data-settings=\"{&quot;background_background&quot;:&quot;classic&quot;}\">\n\t\t\t\t<div class=\"elementor-element elementor-element-cfd82e9 dce_masking-none elementor-widget elementor-widget-image\" data-id=\"cfd82e9\" data-element_type=\"widget\" data-e-type=\"widget\" data-widget_type=\"image.default\">\n\t\t\t\t\t\t\t\t\t\t\t\t\t\t\t<img loading=\"lazy\" decoding=\"async\" width=\"2560\" height=\"1344\" src=\"https:\/\/dumoulinosh.com\/wp-content\/uploads\/2026\/03\/Diseno-sin-titulo-54-scaled.png\" class=\"attachment-full size-full wp-image-972\" alt=\"\" srcset=\"https:\/\/dumoulinosh.com\/wp-content\/uploads\/2026\/03\/Diseno-sin-titulo-54-scaled.png 2560w, https:\/\/dumoulinosh.com\/wp-content\/uploads\/2026\/03\/Diseno-sin-titulo-54-300x157.png 300w, https:\/\/dumoulinosh.com\/wp-content\/uploads\/2026\/03\/Diseno-sin-titulo-54-1024x538.png 1024w, https:\/\/dumoulinosh.com\/wp-content\/uploads\/2026\/03\/Diseno-sin-titulo-54-768x403.png 768w, https:\/\/dumoulinosh.com\/wp-content\/uploads\/2026\/03\/Diseno-sin-titulo-54-1536x806.png 1536w, https:\/\/dumoulinosh.com\/wp-content\/uploads\/2026\/03\/Diseno-sin-titulo-54-2048x1075.png 2048w\" sizes=\"(max-width: 2560px) 100vw, 2560px\" \/>\t\t\t\t\t\t\t\t\t\t\t\t\t\t\t<\/div>\n\t\t\t\t<div class=\"elementor-element elementor-element-1f23c93 elementor-widget elementor-widget-icon-box\" data-id=\"1f23c93\" data-element_type=\"widget\" data-e-type=\"widget\" data-widget_type=\"icon-box.default\">\n\t\t\t\t\t\t\t<div class=\"elementor-icon-box-wrapper\">\n\n\t\t\t\n\t\t\t\t\t\t<div class=\"elementor-icon-box-content\">\n\n\t\t\t\t\t\t\t\t\t<h5 class=\"elementor-icon-box-title\">\n\t\t\t\t\t\t<span  >\n\t\t\t\t\t\t\tCSS (Certified Safety Specialist)\t\t\t\t\t\t<\/span>\n\t\t\t\t\t<\/h5>\n\t\t\t\t\n\t\t\t\t\t\t\t\t\t<p class=\"elementor-icon-box-description\">\n\t\t\t\t\t\tIndustrial Code Rule 60 is New York State's Voluntary Incentive Program designed to reward safety excellence. This program allows employers to earn direct credits on their workers' compensation premiums by implementing certified prevention, safety, and return-to-work systems, thereby optimizing their operating costs.\t\t\t\t\t<\/p>\n\t\t\t\t\n\t\t\t<\/div>\n\t\t\t\n\t\t<\/div>\n\t\t\t\t\t\t<\/div>\n\t\t\t\t<\/div>\n\t\t\t\t<\/div>\n\t\t\t\t\t<\/div>\n\t\t\t\t<\/div>\n\t\t<div data-dce-background-image-url=\"https:\/\/dumoulinosh.com\/wp-content\/uploads\/2026\/03\/ChatGPT-Image-9-mar-2026-09_43_18.png\" class=\"elementor-element elementor-element-ba95a39 e-flex e-con-boxed e-con e-parent\" data-id=\"ba95a39\" data-element_type=\"container\" data-e-type=\"container\" data-settings=\"{&quot;background_background&quot;:&quot;classic&quot;}\">\n\t\t\t\t\t<div class=\"e-con-inner\">\n\t\t<div class=\"elementor-element elementor-element-757d053 e-con-full e-flex e-con e-child\" data-id=\"757d053\" data-element_type=\"container\" data-e-type=\"container\">\n\t\t\t\t<div class=\"elementor-element elementor-element-262cb0c elementor-widget elementor-widget-heading\" data-id=\"262cb0c\" data-element_type=\"widget\" data-e-type=\"widget\" data-widget_type=\"heading.default\">\n\t\t\t\t\t<h2 class=\"elementor-heading-title elementor-size-default\">Let's talk about your team's security<\/h2>\t\t\t\t<\/div>\n\t\t\t\t<div class=\"elementor-element elementor-element-f5d8517 elementor-widget elementor-widget-text-editor\" data-id=\"f5d8517\" data-element_type=\"widget\" data-e-type=\"widget\" data-widget_type=\"text-editor.default\">\n\t\t\t\t\t\t\t\t\tOur team is ready to help you choose the training or service that best suits your company's needs.\t\t\t\t\t\t\t\t<\/div>\n\t\t\t\t<div class=\"elementor-element elementor-element-812d16c elementor-align-left elementor-widget elementor-widget-button\" data-id=\"812d16c\" data-element_type=\"widget\" data-e-type=\"widget\" data-widget_type=\"button.default\">\n\t\t\t\t\t\t\t\t\t\t<a class=\"elementor-button elementor-button-link elementor-size-sm\" href=\"https:\/\/dumoulinosh.com\/en\/contacto\/\">\n\t\t\t\t\t\t<span class=\"elementor-button-content-wrapper\">\n\t\t\t\t\t\t\t\t\t<span class=\"elementor-button-text\">Contact us<\/span>\n\t\t\t\t\t<\/span>\n\t\t\t\t\t<\/a>\n\t\t\t\t\t\t\t\t<\/div>\n\t\t\t\t<\/div>\n\t\t\t\t\t<\/div>\n\t\t\t\t<\/div>\n\t\t\t\t<\/div>","protected":false},"excerpt":{"rendered":"<p>Garantiza tu Cumplimiento Normativo con Certificaciones ICR 59 e ICR 60 Obt\u00e9n tus certificaciones de seguridad laboral de forma r\u00e1pida, [&hellip;]<\/p>","protected":false},"author":1,"featured_media":0,"parent":0,"menu_order":0,"comment_status":"closed","ping_status":"closed","template":"","meta":{"_uag_custom_page_level_css":"","site-sidebar-layout":"no-sidebar","site-content-layout":"","ast-site-content-layout":"full-width-container","site-content-style":"default","site-sidebar-style":"default","ast-global-header-display":"","ast-banner-title-visibility":"","ast-main-header-display":"","ast-hfb-above-header-display":"","ast-hfb-below-header-display":"","ast-hfb-mobile-header-display":"","site-post-title":"disabled","ast-breadcrumbs-content":"","ast-featured-img":"disabled","footer-sml-layout":"","ast-disable-related-posts":"","theme-transparent-header-meta":"","adv-header-id-meta":"","stick-header-meta":"","header-above-stick-meta":"","header-main-stick-meta":"","header-below-stick-meta":"","astra-migrate-meta-layouts":"default","ast-page-background-enabled":"default","ast-page-background-meta":{"desktop":{"background-color":"var(--ast-global-color-5)","background-image":"","background-repeat":"repeat","background-position":"center center","background-size":"auto","background-attachment":"scroll","background-type":"","background-media":"","overlay-type":"","overlay-color":"","overlay-opacity":"","overlay-gradient":""},"tablet":{"background-color":"","background-image":"","background-repeat":"repeat","background-position":"center center","background-size":"auto","background-attachment":"scroll","background-type":"","background-media":"","overlay-type":"","overlay-color":"","overlay-opacity":"","overlay-gradient":""},"mobile":{"background-color":"","background-image":"","background-repeat":"repeat","background-position":"center center","background-size":"auto","background-attachment":"scroll","background-type":"","background-media":"","overlay-type":"","overlay-color":"","overlay-opacity":"","overlay-gradient":""}},"ast-content-background-meta":{"desktop":{"background-color":"var(--ast-global-color-4)","background-image":"","background-repeat":"repeat","background-position":"center center","background-size":"auto","background-attachment":"scroll","background-type":"","background-media":"","overlay-type":"","overlay-color":"","overlay-opacity":"","overlay-gradient":""},"tablet":{"background-color":"var(--ast-global-color-4)","background-image":"","background-repeat":"repeat","background-position":"center center","background-size":"auto","background-attachment":"scroll","background-type":"","background-media":"","overlay-type":"","overlay-color":"","overlay-opacity":"","overlay-gradient":""},"mobile":{"background-color":"var(--ast-global-color-4)","background-image":"","background-repeat":"repeat","background-position":"center center","background-size":"auto","background-attachment":"scroll","background-type":"","background-media":"","overlay-type":"","overlay-color":"","overlay-opacity":"","overlay-gradient":""}},"footnotes":""},"class_list":["post-855","page","type-page","status-publish","hentry"],"_hostinger_reach_plugin_has_subscription_block":false,"_hostinger_reach_plugin_is_elementor":false,"uagb_featured_image_src":{"full":false,"thumbnail":false,"medium":false,"medium_large":false,"large":false,"1536x1536":false,"2048x2048":false,"trp-custom-language-flag":false,"gform-image-choice-sm":false,"gform-image-choice-md":false,"gform-image-choice-lg":false},"uagb_author_info":{"display_name":"dsemantica@gmail.com","author_link":"https:\/\/dumoulinosh.com\/en\/author\/dsemanticagmail-com\/"},"uagb_comment_info":0,"uagb_excerpt":"Garantiza tu Cumplimiento Normativo con Certificaciones ICR 59 e ICR 60 Obt\u00e9n tus certificaciones de seguridad laboral de forma r\u00e1pida, [&hellip;]","_links":{"self":[{"href":"https:\/\/dumoulinosh.com\/en\/wp-json\/wp\/v2\/pages\/855","targetHints":{"allow":["GET"]}}],"collection":[{"href":"https:\/\/dumoulinosh.com\/en\/wp-json\/wp\/v2\/pages"}],"about":[{"href":"https:\/\/dumoulinosh.com\/en\/wp-json\/wp\/v2\/types\/page"}],"author":[{"embeddable":true,"href":"https:\/\/dumoulinosh.com\/en\/wp-json\/wp\/v2\/users\/1"}],"replies":[{"embeddable":true,"href":"https:\/\/dumoulinosh.com\/en\/wp-json\/wp\/v2\/comments?post=855"}],"version-history":[{"count":32,"href":"https:\/\/dumoulinosh.com\/en\/wp-json\/wp\/v2\/pages\/855\/revisions"}],"predecessor-version":[{"id":1061,"href":"https:\/\/dumoulinosh.com\/en\/wp-json\/wp\/v2\/pages\/855\/revisions\/1061"}],"wp:attachment":[{"href":"https:\/\/dumoulinosh.com\/en\/wp-json\/wp\/v2\/media?parent=855"}],"curies":[{"name":"wp","href":"https:\/\/api.w.org\/{rel}","templated":true}]}}