{"id":142,"date":"2026-02-26T01:09:47","date_gmt":"2026-02-26T01:09:47","guid":{"rendered":"https:\/\/dumoulinosh.com\/?page_id=142"},"modified":"2026-03-26T16:47:03","modified_gmt":"2026-03-26T16:47:03","slug":"industria-de-la-construccion-29-cfr-1926","status":"publish","type":"page","link":"https:\/\/dumoulinosh.com\/en\/industria-de-la-construccion-29-cfr-1926\/","title":{"rendered":"Construction Industry (29 CFR 1926)"},"content":{"rendered":"<div data-elementor-type=\"wp-page\" data-elementor-id=\"142\" class=\"elementor elementor-142\" data-elementor-post-type=\"page\">\n\t\t\t\t<div data-dce-background-overlay-color=\"#000000B5\" data-dce-background-image-url=\"https:\/\/dumoulinosh.com\/wp-content\/uploads\/2026\/03\/Diseno-sin-titulo-58-scaled.png\" class=\"elementor-element elementor-element-41ac438 e-flex e-con-boxed e-con e-parent\" data-id=\"41ac438\" data-element_type=\"container\" data-e-type=\"container\" data-settings=\"{&quot;background_background&quot;:&quot;classic&quot;}\">\n\t\t\t\t\t<div class=\"e-con-inner\">\n\t\t\t\t<div class=\"elementor-element elementor-element-ad36f87 elementor-widget__width-initial elementor-widget elementor-widget-heading\" data-id=\"ad36f87\" data-element_type=\"widget\" data-e-type=\"widget\" data-settings=\"{&quot;enabled_reveal&quot;:&quot;yes&quot;,&quot;reveal_direction&quot;:&quot;rl&quot;,&quot;reveal_speed&quot;:{&quot;unit&quot;:&quot;s&quot;,&quot;size&quot;:8.1,&quot;sizes&quot;:[]},&quot;reveal_bgcolor&quot;:&quot;#136AA426&quot;,&quot;reveal_delay&quot;:{&quot;unit&quot;:&quot;s&quot;,&quot;size&quot;:0,&quot;sizes&quot;:[]}}\" data-widget_type=\"heading.default\">\n\t\t\t\t\t<div id=\"reveal-ad36f87\" class=\"revealFx\"><h2 class=\"elementor-heading-title elementor-size-default\">Safety Experts for the Construction Industry.<\/h2><\/div>\t\t\t\t<\/div>\n\t\t\t\t<div data-dce-text-color=\"#FFFFFF\" class=\"elementor-element elementor-element-3c6aadf elementor-widget__width-initial elementor-widget elementor-widget-text-editor\" data-id=\"3c6aadf\" data-element_type=\"widget\" data-e-type=\"widget\" data-settings=\"{&quot;enabled_reveal&quot;:&quot;yes&quot;,&quot;reveal_speed&quot;:{&quot;unit&quot;:&quot;s&quot;,&quot;size&quot;:8.4,&quot;sizes&quot;:[]},&quot;reveal_bgcolor&quot;:&quot;#136AA426&quot;,&quot;reveal_direction&quot;:&quot;c&quot;,&quot;reveal_delay&quot;:{&quot;unit&quot;:&quot;s&quot;,&quot;size&quot;:0,&quot;sizes&quot;:[]}}\" data-widget_type=\"text-editor.default\">\n\t\t\t\t\t<div id=\"reveal-3c6aadf\" class=\"revealFx\">\t\t\t\t<p><span data-path-to-node=\"4,1,1,0\"><span class=\"citation-6374\">Certification under the standard <\/span><b data-path-to-node=\"4,1,1,0\" data-index-in-node=\"42\"><span class=\"citation-6374\">29 CFR 1926<\/span><\/b><span class=\"citation-6374\">with a primary focus on fall protection and OSHA's \"Focus Four\"<\/span><\/span><span data-path-to-node=\"4,1,1,2\">. <\/span><span data-path-to-node=\"4,1,1,4\"><span class=\"citation-6373\">We ensure regulatory compliance to save lives in high-risk environments<\/span><\/span><span data-path-to-node=\"4,1,1,6\">.<\/span><\/p><div class=\"source-inline-chip-container ng-star-inserted\">\u00a0<\/div><div class=\"source-inline-chip-container ng-star-inserted\">\u00a0<\/div>\t\t\t\t<\/div>\t\t\t\t<\/div>\n\t\t\t\t\t<\/div>\n\t\t\t\t<\/div>\n\t\t<div class=\"elementor-element elementor-element-e81e1b3 e-flex e-con-boxed e-con e-parent\" data-id=\"e81e1b3\" data-element_type=\"container\" data-e-type=\"container\">\n\t\t\t\t\t<div class=\"e-con-inner\">\n\t\t<div class=\"elementor-element elementor-element-7b7c8b2 e-con-full e-flex e-con e-child\" data-id=\"7b7c8b2\" data-element_type=\"container\" data-e-type=\"container\">\n\t\t\t\t<div class=\"elementor-element elementor-element-b36bcbb dce_masking-none elementor-widget elementor-widget-image\" data-id=\"b36bcbb\" data-element_type=\"widget\" data-e-type=\"widget\" data-widget_type=\"image.default\">\n\t\t\t\t\t\t\t\t\t\t\t\t\t\t\t<img fetchpriority=\"high\" decoding=\"async\" width=\"1024\" height=\"683\" src=\"https:\/\/dumoulinosh.com\/wp-content\/uploads\/2026\/02\/ChatGPT-Image-Feb-26-2026-03_10_33-PM-1024x683.png\" class=\"attachment-large size-large wp-image-236\" alt=\"\" srcset=\"https:\/\/dumoulinosh.com\/wp-content\/uploads\/2026\/02\/ChatGPT-Image-Feb-26-2026-03_10_33-PM-1024x683.png 1024w, https:\/\/dumoulinosh.com\/wp-content\/uploads\/2026\/02\/ChatGPT-Image-Feb-26-2026-03_10_33-PM-300x200.png 300w, https:\/\/dumoulinosh.com\/wp-content\/uploads\/2026\/02\/ChatGPT-Image-Feb-26-2026-03_10_33-PM-768x512.png 768w, https:\/\/dumoulinosh.com\/wp-content\/uploads\/2026\/02\/ChatGPT-Image-Feb-26-2026-03_10_33-PM.png 1536w\" sizes=\"(max-width: 1024px) 100vw, 1024px\" \/>\t\t\t\t\t\t\t\t\t\t\t\t\t\t\t<\/div>\n\t\t\t\t<\/div>\n\t\t<div class=\"elementor-element elementor-element-174131c e-con-full e-flex e-con e-child\" data-id=\"174131c\" data-element_type=\"container\" data-e-type=\"container\">\n\t\t\t\t<div class=\"elementor-element elementor-element-1fcccce elementor-widget elementor-widget-text-editor\" data-id=\"1fcccce\" data-element_type=\"widget\" data-e-type=\"widget\" data-widget_type=\"text-editor.default\">\n\t\t\t\t\t\t\t\t\t<p><span style=\"font-weight: 400;\">The scope of the <\/span><b>OSHA standards in the construction industry (29 CFR 1926)<\/b><span style=\"font-weight: 400;\"> It covers the safety and health of workers in building, alteration, and repair activities, including painting and decorating. It establishes strict requirements for preventing falls, electrical hazards, materials handling, and the use of personal protective equipment (PPE).<\/span><\/p><h3><b>Key Aspects of the Scope in Construction:<\/b><\/h3><ul><li style=\"font-weight: 400;\" aria-level=\"1\"><b>Fall protection:<\/b><span style=\"font-weight: 400;\"> Mandatory requirement at heights of six feet or more<\/span><\/li><li style=\"font-weight: 400;\" aria-level=\"1\"><b>OSHA's 4 Focus Four approaches to risk assessment:<\/b><span style=\"font-weight: 400;\"> Focused on preventing the main causes of death: falls, electrocution, blows against objects and being trapped between objects.<\/span><\/li><li style=\"font-weight: 400;\" aria-level=\"1\"><b>Safety and health:<\/b><span style=\"font-weight: 400;\"> It includes regulations for risk communication (chemicals), scaffolding, excavations, confined spaces and heavy machinery.<\/span><\/li><li style=\"font-weight: 400;\" aria-level=\"1\"><b>Employer responsibility:<\/b><span style=\"font-weight: 400;\"> Obligation to provide a safe workplace, adequate personal protective equipment (PPE), training (such as 10 or 30 hour courses) and maintain injury records.<\/span><\/li><li style=\"font-weight: 400;\" aria-level=\"1\"><b>Inspections:<\/b><span style=\"font-weight: 400;\"> OSHA conducts unannounced visits to work sites to ensure compliance, prioritizing imminent hazards and fatal accidents.<\/span><\/li><\/ul><p><i><span style=\"font-weight: 400;\">Construction standards are often more stringent than those of general industry due to the dynamic risks of the workplace.<\/span><\/i><\/p>\t\t\t\t\t\t\t\t<\/div>\n\t\t\t\t<div data-dce-background-color=\"#136AA4\" class=\"elementor-element elementor-element-d2053bb elementor-align-left elementor-widget elementor-widget-button\" data-id=\"d2053bb\" data-element_type=\"widget\" data-e-type=\"widget\" data-widget_type=\"button.default\">\n\t\t\t\t\t\t\t\t\t\t<a class=\"elementor-button elementor-button-link elementor-size-sm\" href=\"https:\/\/dumoulinosh.com\/en\/curso-industria-de-la-construccion-29-cfr-1926\/\">\n\t\t\t\t\t\t<span class=\"elementor-button-content-wrapper\">\n\t\t\t\t\t\t<span class=\"elementor-button-icon\">\n\t\t\t\t<svg aria-hidden=\"true\" class=\"e-font-icon-svg e-fas-arrow-right\" viewbox=\"0 0 448 512\" xmlns=\"http:\/\/www.w3.org\/2000\/svg\"><path d=\"M190.5 66.9l22.2-22.2c9.4-9.4 24.6-9.4 33.9 0L441 239c9.4 9.4 9.4 24.6 0 33.9L246.6 467.3c-9.4 9.4-24.6 9.4-33.9 0l-22.2-22.2c-9.5-9.5-9.3-25 .4-34.3L311.4 296H24c-13.3 0-24-10.7-24-24v-32c0-13.3 10.7-24 24-24h287.4L190.9 101.2c-9.8-9.3-10-24.8-.4-34.3z\"><\/path><\/svg>\t\t\t<\/span>\n\t\t\t\t\t\t\t\t\t<span class=\"elementor-button-text\">See course<\/span>\n\t\t\t\t\t<\/span>\n\t\t\t\t\t<\/a>\n\t\t\t\t\t\t\t\t<\/div>\n\t\t\t\t<\/div>\n\t\t\t\t\t<\/div>\n\t\t\t\t<\/div>\n\t\t<div data-dce-background-image-url=\"https:\/\/dumoulinosh.com\/wp-content\/uploads\/2026\/03\/ChatGPT-Image-9-mar-2026-09_43_18.png\" class=\"elementor-element elementor-element-4cce267 e-flex e-con-boxed e-con e-parent\" data-id=\"4cce267\" data-element_type=\"container\" data-e-type=\"container\" data-settings=\"{&quot;background_background&quot;:&quot;classic&quot;}\">\n\t\t\t\t\t<div class=\"e-con-inner\">\n\t\t<div class=\"elementor-element elementor-element-b09b727 e-con-full e-flex e-con e-child\" data-id=\"b09b727\" data-element_type=\"container\" data-e-type=\"container\">\n\t\t\t\t<div class=\"elementor-element elementor-element-975cc49 elementor-widget elementor-widget-heading\" data-id=\"975cc49\" data-element_type=\"widget\" data-e-type=\"widget\" data-widget_type=\"heading.default\">\n\t\t\t\t\t<h2 class=\"elementor-heading-title elementor-size-default\">Let's talk about your team's security<\/h2>\t\t\t\t<\/div>\n\t\t\t\t<div class=\"elementor-element elementor-element-6cf2891 elementor-widget elementor-widget-text-editor\" data-id=\"6cf2891\" data-element_type=\"widget\" data-e-type=\"widget\" data-widget_type=\"text-editor.default\">\n\t\t\t\t\t\t\t\t\tOur team is ready to help you choose the training or service that best suits your company's needs.\t\t\t\t\t\t\t\t<\/div>\n\t\t\t\t<div class=\"elementor-element elementor-element-bbc2a9b elementor-align-left elementor-widget elementor-widget-button\" data-id=\"bbc2a9b\" data-element_type=\"widget\" data-e-type=\"widget\" data-widget_type=\"button.default\">\n\t\t\t\t\t\t\t\t\t\t<a class=\"elementor-button elementor-button-link elementor-size-sm\" href=\"https:\/\/dumoulinosh.com\/en\/contacto\/\">\n\t\t\t\t\t\t<span class=\"elementor-button-content-wrapper\">\n\t\t\t\t\t\t\t\t\t<span class=\"elementor-button-text\">Contact us<\/span>\n\t\t\t\t\t<\/span>\n\t\t\t\t\t<\/a>\n\t\t\t\t\t\t\t\t<\/div>\n\t\t\t\t<\/div>\n\t\t\t\t\t<\/div>\n\t\t\t\t<\/div>\n\t\t\t\t<\/div>","protected":false},"excerpt":{"rendered":"<p>Expertos en Seguridad para la Industria de la Construcci\u00f3n. Certificaci\u00f3n bajo el est\u00e1ndar 29 CFR 1926, con enfoque prioritario en [&hellip;]<\/p>","protected":false},"author":1,"featured_media":0,"parent":0,"menu_order":0,"comment_status":"closed","ping_status":"closed","template":"","meta":{"_uag_custom_page_level_css":"","site-sidebar-layout":"no-sidebar","site-content-layout":"","ast-site-content-layout":"full-width-container","site-content-style":"default","site-sidebar-style":"default","ast-global-header-display":"","ast-banner-title-visibility":"","ast-main-header-display":"","ast-hfb-above-header-display":"","ast-hfb-below-header-display":"","ast-hfb-mobile-header-display":"","site-post-title":"disabled","ast-breadcrumbs-content":"","ast-featured-img":"disabled","footer-sml-layout":"","ast-disable-related-posts":"","theme-transparent-header-meta":"","adv-header-id-meta":"","stick-header-meta":"","header-above-stick-meta":"","header-main-stick-meta":"","header-below-stick-meta":"","astra-migrate-meta-layouts":"default","ast-page-background-enabled":"default","ast-page-background-meta":{"desktop":{"background-color":"var(--ast-global-color-5)","background-image":"","background-repeat":"repeat","background-position":"center center","background-size":"auto","background-attachment":"scroll","background-type":"","background-media":"","overlay-type":"","overlay-color":"","overlay-opacity":"","overlay-gradient":""},"tablet":{"background-color":"","background-image":"","background-repeat":"repeat","background-position":"center center","background-size":"auto","background-attachment":"scroll","background-type":"","background-media":"","overlay-type":"","overlay-color":"","overlay-opacity":"","overlay-gradient":""},"mobile":{"background-color":"","background-image":"","background-repeat":"repeat","background-position":"center center","background-size":"auto","background-attachment":"scroll","background-type":"","background-media":"","overlay-type":"","overlay-color":"","overlay-opacity":"","overlay-gradient":""}},"ast-content-background-meta":{"desktop":{"background-color":"var(--ast-global-color-4)","background-image":"","background-repeat":"repeat","background-position":"center center","background-size":"auto","background-attachment":"scroll","background-type":"","background-media":"","overlay-type":"","overlay-color":"","overlay-opacity":"","overlay-gradient":""},"tablet":{"background-color":"var(--ast-global-color-4)","background-image":"","background-repeat":"repeat","background-position":"center center","background-size":"auto","background-attachment":"scroll","background-type":"","background-media":"","overlay-type":"","overlay-color":"","overlay-opacity":"","overlay-gradient":""},"mobile":{"background-color":"var(--ast-global-color-4)","background-image":"","background-repeat":"repeat","background-position":"center center","background-size":"auto","background-attachment":"scroll","background-type":"","background-media":"","overlay-type":"","overlay-color":"","overlay-opacity":"","overlay-gradient":""}},"footnotes":""},"class_list":["post-142","page","type-page","status-publish","hentry"],"_hostinger_reach_plugin_has_subscription_block":false,"_hostinger_reach_plugin_is_elementor":false,"uagb_featured_image_src":{"full":false,"thumbnail":false,"medium":false,"medium_large":false,"large":false,"1536x1536":false,"2048x2048":false,"trp-custom-language-flag":false,"gform-image-choice-sm":false,"gform-image-choice-md":false,"gform-image-choice-lg":false},"uagb_author_info":{"display_name":"dsemantica@gmail.com","author_link":"https:\/\/dumoulinosh.com\/en\/author\/dsemanticagmail-com\/"},"uagb_comment_info":0,"uagb_excerpt":"Expertos en Seguridad para la Industria de la Construcci\u00f3n. Certificaci\u00f3n bajo el est\u00e1ndar 29 CFR 1926, con enfoque prioritario en [&hellip;]","_links":{"self":[{"href":"https:\/\/dumoulinosh.com\/en\/wp-json\/wp\/v2\/pages\/142","targetHints":{"allow":["GET"]}}],"collection":[{"href":"https:\/\/dumoulinosh.com\/en\/wp-json\/wp\/v2\/pages"}],"about":[{"href":"https:\/\/dumoulinosh.com\/en\/wp-json\/wp\/v2\/types\/page"}],"author":[{"embeddable":true,"href":"https:\/\/dumoulinosh.com\/en\/wp-json\/wp\/v2\/users\/1"}],"replies":[{"embeddable":true,"href":"https:\/\/dumoulinosh.com\/en\/wp-json\/wp\/v2\/comments?post=142"}],"version-history":[{"count":46,"href":"https:\/\/dumoulinosh.com\/en\/wp-json\/wp\/v2\/pages\/142\/revisions"}],"predecessor-version":[{"id":1031,"href":"https:\/\/dumoulinosh.com\/en\/wp-json\/wp\/v2\/pages\/142\/revisions\/1031"}],"wp:attachment":[{"href":"https:\/\/dumoulinosh.com\/en\/wp-json\/wp\/v2\/media?parent=142"}],"curies":[{"name":"wp","href":"https:\/\/api.w.org\/{rel}","templated":true}]}}