{"id":132,"date":"2026-02-26T00:58:00","date_gmt":"2026-02-26T00:58:00","guid":{"rendered":"https:\/\/dumoulinosh.com\/?page_id=132"},"modified":"2026-03-26T16:08:24","modified_gmt":"2026-03-26T16:08:24","slug":"industria-general-29-cfr-1910","status":"publish","type":"page","link":"https:\/\/dumoulinosh.com\/en\/industria-general-29-cfr-1910\/","title":{"rendered":"General Industry (29 CFR 1910)"},"content":{"rendered":"<div data-elementor-type=\"wp-page\" data-elementor-id=\"132\" class=\"elementor elementor-132\" data-elementor-post-type=\"page\">\n\t\t\t\t<div data-dce-background-overlay-color=\"#000000B5\" data-dce-background-image-url=\"https:\/\/dumoulinosh.com\/wp-content\/uploads\/2026\/03\/Diseno-sin-titulo-58-scaled.png\" class=\"elementor-element elementor-element-4def6cf e-flex e-con-boxed e-con e-parent\" data-id=\"4def6cf\" data-element_type=\"container\" data-e-type=\"container\" data-settings=\"{&quot;background_background&quot;:&quot;classic&quot;}\">\n\t\t\t\t\t<div class=\"e-con-inner\">\n\t\t\t\t<div class=\"elementor-element elementor-element-dec1ea7 elementor-widget__width-initial elementor-widget elementor-widget-heading\" data-id=\"dec1ea7\" data-element_type=\"widget\" data-e-type=\"widget\" data-settings=\"{&quot;enabled_reveal&quot;:&quot;yes&quot;,&quot;reveal_direction&quot;:&quot;rl&quot;,&quot;reveal_speed&quot;:{&quot;unit&quot;:&quot;s&quot;,&quot;size&quot;:8.1,&quot;sizes&quot;:[]},&quot;reveal_bgcolor&quot;:&quot;#136AA426&quot;,&quot;reveal_delay&quot;:{&quot;unit&quot;:&quot;s&quot;,&quot;size&quot;:0,&quot;sizes&quot;:[]}}\" data-widget_type=\"heading.default\">\n\t\t\t\t\t<div id=\"reveal-dec1ea7\" class=\"revealFx\"><h2 class=\"elementor-heading-title elementor-size-default\">Specialists in OSHA Regulations for General Industry.<\/h2><\/div>\t\t\t\t<\/div>\n\t\t\t\t<div data-dce-text-color=\"#FFFFFF\" class=\"elementor-element elementor-element-f603046 elementor-widget__width-initial elementor-widget elementor-widget-text-editor\" data-id=\"f603046\" data-element_type=\"widget\" data-e-type=\"widget\" data-settings=\"{&quot;enabled_reveal&quot;:&quot;yes&quot;,&quot;reveal_speed&quot;:{&quot;unit&quot;:&quot;s&quot;,&quot;size&quot;:8.4,&quot;sizes&quot;:[]},&quot;reveal_bgcolor&quot;:&quot;#136AA426&quot;,&quot;reveal_direction&quot;:&quot;c&quot;,&quot;reveal_delay&quot;:{&quot;unit&quot;:&quot;s&quot;,&quot;size&quot;:0,&quot;sizes&quot;:[]}}\" data-widget_type=\"text-editor.default\">\n\t\t\t\t\t<div id=\"reveal-f603046\" class=\"revealFx\">\t\t\t\t<p><span data-path-to-node=\"4,1,1,0\"><span class=\"citation-5818\">Comprehensive training under the standard <\/span><b data-path-to-node=\"4,1,1,0\" data-index-in-node=\"50\"><span class=\"citation-5818\">29 CFR 1910<\/span><\/b><span class=\"citation-5818\"> for manufacturing, logistics, and healthcare services<\/span><\/span><span data-path-to-node=\"4,1,1,2\">. <\/span><span data-path-to-node=\"4,1,1,4\"><span class=\"citation-5817\">We certify your staff in electrical risk prevention, handling of hazardous materials, and machinery safety.<\/span><\/span><span data-path-to-node=\"4,1,1,6\">.<\/span><\/p><div class=\"source-inline-chip-container ng-star-inserted\">\u00a0<\/div><div class=\"source-inline-chip-container ng-star-inserted\">\u00a0<\/div>\t\t\t\t<\/div>\t\t\t\t<\/div>\n\t\t\t\t\t<\/div>\n\t\t\t\t<\/div>\n\t\t<div class=\"elementor-element elementor-element-6e523ed e-flex e-con-boxed e-con e-parent\" data-id=\"6e523ed\" data-element_type=\"container\" data-e-type=\"container\">\n\t\t\t\t\t<div class=\"e-con-inner\">\n\t\t<div class=\"elementor-element elementor-element-6bb6d23 e-con-full e-flex e-con e-child\" data-id=\"6bb6d23\" data-element_type=\"container\" data-e-type=\"container\">\n\t\t\t\t<div class=\"elementor-element elementor-element-34322cb dce_masking-none elementor-widget elementor-widget-image\" data-id=\"34322cb\" data-element_type=\"widget\" data-e-type=\"widget\" data-widget_type=\"image.default\">\n\t\t\t\t\t\t\t\t\t\t\t\t\t\t\t<img fetchpriority=\"high\" decoding=\"async\" width=\"683\" height=\"1024\" src=\"https:\/\/dumoulinosh.com\/wp-content\/uploads\/2026\/03\/ChatGPT-Image-9-mar-2026-00_45_05-683x1024.png\" class=\"attachment-large size-large wp-image-334\" alt=\"\" srcset=\"https:\/\/dumoulinosh.com\/wp-content\/uploads\/2026\/03\/ChatGPT-Image-9-mar-2026-00_45_05-683x1024.png 683w, https:\/\/dumoulinosh.com\/wp-content\/uploads\/2026\/03\/ChatGPT-Image-9-mar-2026-00_45_05-200x300.png 200w, https:\/\/dumoulinosh.com\/wp-content\/uploads\/2026\/03\/ChatGPT-Image-9-mar-2026-00_45_05-768x1152.png 768w, https:\/\/dumoulinosh.com\/wp-content\/uploads\/2026\/03\/ChatGPT-Image-9-mar-2026-00_45_05.png 1024w\" sizes=\"(max-width: 683px) 100vw, 683px\" \/>\t\t\t\t\t\t\t\t\t\t\t\t\t\t\t<\/div>\n\t\t\t\t<\/div>\n\t\t<div class=\"elementor-element elementor-element-94cb4b2 e-con-full e-flex e-con e-child\" data-id=\"94cb4b2\" data-element_type=\"container\" data-e-type=\"container\">\n\t\t\t\t<div data-dce-text-color=\"#000000\" class=\"elementor-element elementor-element-d1a2e33 elementor-widget elementor-widget-text-editor\" data-id=\"d1a2e33\" data-element_type=\"widget\" data-e-type=\"widget\" data-widget_type=\"text-editor.default\">\n\t\t\t\t\t\t\t\t\t<p><span style=\"font-weight: 400;\">The scope of <\/span><b>OSHA for General Industry (29 CFR 1910)<\/b><span style=\"font-weight: 400;\"> It covers most workplaces in the U.S. that are not in construction, agriculture, or the maritime sector. It includes standards for safety in manufacturing, healthcare, warehousing, and factory operations, focusing on protection against machinery hazards, hazardous materials, falls, and electrical hazards.<\/span><\/p><h3><b>Key Aspects of Scope (1910):<\/b><\/h3><ul><li style=\"font-weight: 400;\" aria-level=\"1\"><b>Definition:<\/b><span style=\"font-weight: 400;\"> It applies to all industries not specifically regulated by construction, agriculture, or maritime standards.<\/span><\/li><li style=\"font-weight: 400;\" aria-level=\"1\"><b>Topics Covered:<\/b><span style=\"font-weight: 400;\"> Safety management, machine guarding, personal protective equipment (PPE), fire hazards, hazardous energy control (lockout\/tagout) and confined spaces.<\/span><\/li><li style=\"font-weight: 400;\" aria-level=\"1\"><b>Training (OSHA 10\/30):<\/b><span style=\"font-weight: 400;\"> The 10-hour training is for entry-level staff, while the 30-hour training is for supervisors or workers with greater safety responsibilities.<\/span><\/li><li style=\"font-weight: 400;\" aria-level=\"1\"><b>Common Rules:<\/b><span style=\"font-weight: 400;\"> It includes regulations on asbestos, benzene, lead, and bloodborne pathogens.<\/span><\/li><\/ul>\t\t\t\t\t\t\t\t<\/div>\n\t\t\t\t<div data-dce-background-color=\"#136AA4\" class=\"elementor-element elementor-element-7595e00 elementor-align-left elementor-widget elementor-widget-button\" data-id=\"7595e00\" data-element_type=\"widget\" data-e-type=\"widget\" data-widget_type=\"button.default\">\n\t\t\t\t\t\t\t\t\t\t<a class=\"elementor-button elementor-button-link elementor-size-sm\" href=\"https:\/\/dumoulinosh.com\/en\/curso-industria-general-1910-osha\/\">\n\t\t\t\t\t\t<span class=\"elementor-button-content-wrapper\">\n\t\t\t\t\t\t<span class=\"elementor-button-icon\">\n\t\t\t\t<svg aria-hidden=\"true\" class=\"e-font-icon-svg e-fas-arrow-right\" viewbox=\"0 0 448 512\" xmlns=\"http:\/\/www.w3.org\/2000\/svg\"><path d=\"M190.5 66.9l22.2-22.2c9.4-9.4 24.6-9.4 33.9 0L441 239c9.4 9.4 9.4 24.6 0 33.9L246.6 467.3c-9.4 9.4-24.6 9.4-33.9 0l-22.2-22.2c-9.5-9.5-9.3-25 .4-34.3L311.4 296H24c-13.3 0-24-10.7-24-24v-32c0-13.3 10.7-24 24-24h287.4L190.9 101.2c-9.8-9.3-10-24.8-.4-34.3z\"><\/path><\/svg>\t\t\t<\/span>\n\t\t\t\t\t\t\t\t\t<span class=\"elementor-button-text\">See course<\/span>\n\t\t\t\t\t<\/span>\n\t\t\t\t\t<\/a>\n\t\t\t\t\t\t\t\t<\/div>\n\t\t\t\t<\/div>\n\t\t\t\t\t<\/div>\n\t\t\t\t<\/div>\n\t\t<div data-dce-background-color=\"#000000\" data-dce-background-overlay-color=\"#000000\" data-dce-background-image-url=\"https:\/\/dumoulinosh.com\/wp-content\/uploads\/2026\/03\/ChatGPT-Image-9-mar-2026-09_43_18.png\" class=\"elementor-element elementor-element-0c64c6a e-flex e-con-boxed e-con e-parent\" data-id=\"0c64c6a\" data-element_type=\"container\" data-e-type=\"container\" data-settings=\"{&quot;background_background&quot;:&quot;classic&quot;}\">\n\t\t\t\t\t<div class=\"e-con-inner\">\n\t\t<div class=\"elementor-element elementor-element-c4780c1 e-con-full e-flex e-con e-child\" data-id=\"c4780c1\" data-element_type=\"container\" data-e-type=\"container\">\n\t\t\t\t<div class=\"elementor-element elementor-element-bc32e60 elementor-widget elementor-widget-heading\" data-id=\"bc32e60\" data-element_type=\"widget\" data-e-type=\"widget\" data-widget_type=\"heading.default\">\n\t\t\t\t\t<h2 class=\"elementor-heading-title elementor-size-default\">Let's talk about your team's security<\/h2>\t\t\t\t<\/div>\n\t\t\t\t<div class=\"elementor-element elementor-element-6fd360f elementor-widget elementor-widget-text-editor\" data-id=\"6fd360f\" data-element_type=\"widget\" data-e-type=\"widget\" data-widget_type=\"text-editor.default\">\n\t\t\t\t\t\t\t\t\tOur team is ready to help you choose the training or service that best suits your company's needs.\t\t\t\t\t\t\t\t<\/div>\n\t\t\t\t<div class=\"elementor-element elementor-element-a5b231d elementor-align-left elementor-widget elementor-widget-button\" data-id=\"a5b231d\" data-element_type=\"widget\" data-e-type=\"widget\" data-widget_type=\"button.default\">\n\t\t\t\t\t\t\t\t\t\t<a class=\"elementor-button elementor-button-link elementor-size-sm\" href=\"https:\/\/dumoulinosh.com\/en\/contacto\/\">\n\t\t\t\t\t\t<span class=\"elementor-button-content-wrapper\">\n\t\t\t\t\t\t\t\t\t<span class=\"elementor-button-text\">Contact us<\/span>\n\t\t\t\t\t<\/span>\n\t\t\t\t\t<\/a>\n\t\t\t\t\t\t\t\t<\/div>\n\t\t\t\t<\/div>\n\t\t\t\t\t<\/div>\n\t\t\t\t<\/div>\n\t\t\t\t<\/div>","protected":false},"excerpt":{"rendered":"<p>Especialistas en Normativa OSHA para Industria General. Capacitaci\u00f3n integral bajo el est\u00e1ndar 29 CFR 1910 para la fabricaci\u00f3n, log\u00edstica y [&hellip;]<\/p>","protected":false},"author":1,"featured_media":0,"parent":0,"menu_order":0,"comment_status":"closed","ping_status":"closed","template":"","meta":{"_uag_custom_page_level_css":"","site-sidebar-layout":"no-sidebar","site-content-layout":"","ast-site-content-layout":"full-width-container","site-content-style":"default","site-sidebar-style":"default","ast-global-header-display":"","ast-banner-title-visibility":"","ast-main-header-display":"","ast-hfb-above-header-display":"","ast-hfb-below-header-display":"","ast-hfb-mobile-header-display":"","site-post-title":"disabled","ast-breadcrumbs-content":"","ast-featured-img":"disabled","footer-sml-layout":"","ast-disable-related-posts":"","theme-transparent-header-meta":"","adv-header-id-meta":"","stick-header-meta":"","header-above-stick-meta":"","header-main-stick-meta":"","header-below-stick-meta":"","astra-migrate-meta-layouts":"default","ast-page-background-enabled":"default","ast-page-background-meta":{"desktop":{"background-color":"var(--ast-global-color-5)","background-image":"","background-repeat":"repeat","background-position":"center center","background-size":"auto","background-attachment":"scroll","background-type":"","background-media":"","overlay-type":"","overlay-color":"","overlay-opacity":"","overlay-gradient":""},"tablet":{"background-color":"","background-image":"","background-repeat":"repeat","background-position":"center center","background-size":"auto","background-attachment":"scroll","background-type":"","background-media":"","overlay-type":"","overlay-color":"","overlay-opacity":"","overlay-gradient":""},"mobile":{"background-color":"","background-image":"","background-repeat":"repeat","background-position":"center center","background-size":"auto","background-attachment":"scroll","background-type":"","background-media":"","overlay-type":"","overlay-color":"","overlay-opacity":"","overlay-gradient":""}},"ast-content-background-meta":{"desktop":{"background-color":"var(--ast-global-color-4)","background-image":"","background-repeat":"repeat","background-position":"center center","background-size":"auto","background-attachment":"scroll","background-type":"","background-media":"","overlay-type":"","overlay-color":"","overlay-opacity":"","overlay-gradient":""},"tablet":{"background-color":"var(--ast-global-color-4)","background-image":"","background-repeat":"repeat","background-position":"center center","background-size":"auto","background-attachment":"scroll","background-type":"","background-media":"","overlay-type":"","overlay-color":"","overlay-opacity":"","overlay-gradient":""},"mobile":{"background-color":"var(--ast-global-color-4)","background-image":"","background-repeat":"repeat","background-position":"center center","background-size":"auto","background-attachment":"scroll","background-type":"","background-media":"","overlay-type":"","overlay-color":"","overlay-opacity":"","overlay-gradient":""}},"footnotes":""},"class_list":["post-132","page","type-page","status-publish","hentry"],"_hostinger_reach_plugin_has_subscription_block":false,"_hostinger_reach_plugin_is_elementor":false,"uagb_featured_image_src":{"full":false,"thumbnail":false,"medium":false,"medium_large":false,"large":false,"1536x1536":false,"2048x2048":false,"trp-custom-language-flag":false,"gform-image-choice-sm":false,"gform-image-choice-md":false,"gform-image-choice-lg":false},"uagb_author_info":{"display_name":"dsemantica@gmail.com","author_link":"https:\/\/dumoulinosh.com\/en\/author\/dsemanticagmail-com\/"},"uagb_comment_info":0,"uagb_excerpt":"Especialistas en Normativa OSHA para Industria General. Capacitaci\u00f3n integral bajo el est\u00e1ndar 29 CFR 1910 para la fabricaci\u00f3n, log\u00edstica y [&hellip;]","_links":{"self":[{"href":"https:\/\/dumoulinosh.com\/en\/wp-json\/wp\/v2\/pages\/132","targetHints":{"allow":["GET"]}}],"collection":[{"href":"https:\/\/dumoulinosh.com\/en\/wp-json\/wp\/v2\/pages"}],"about":[{"href":"https:\/\/dumoulinosh.com\/en\/wp-json\/wp\/v2\/types\/page"}],"author":[{"embeddable":true,"href":"https:\/\/dumoulinosh.com\/en\/wp-json\/wp\/v2\/users\/1"}],"replies":[{"embeddable":true,"href":"https:\/\/dumoulinosh.com\/en\/wp-json\/wp\/v2\/comments?post=132"}],"version-history":[{"count":46,"href":"https:\/\/dumoulinosh.com\/en\/wp-json\/wp\/v2\/pages\/132\/revisions"}],"predecessor-version":[{"id":1027,"href":"https:\/\/dumoulinosh.com\/en\/wp-json\/wp\/v2\/pages\/132\/revisions\/1027"}],"wp:attachment":[{"href":"https:\/\/dumoulinosh.com\/en\/wp-json\/wp\/v2\/media?parent=132"}],"curies":[{"name":"wp","href":"https:\/\/api.w.org\/{rel}","templated":true}]}}