{"id":1041,"date":"2026-04-06T22:51:14","date_gmt":"2026-04-06T22:51:14","guid":{"rendered":"https:\/\/dumoulinosh.com\/?page_id=1041"},"modified":"2026-04-07T07:25:06","modified_gmt":"2026-04-07T07:25:06","slug":"licencias","status":"publish","type":"page","link":"https:\/\/dumoulinosh.com\/en\/licencias\/","title":{"rendered":"Licenses"},"content":{"rendered":"<div data-elementor-type=\"wp-page\" data-elementor-id=\"1041\" class=\"elementor elementor-1041\" data-elementor-post-type=\"page\">\n\t\t\t\t<div data-dce-background-image-url=\"https:\/\/dumoulinosh.com\/wp-content\/uploads\/2026\/03\/Diseno-sin-titulo-53-scaled.png\" class=\"elementor-element elementor-element-e2cdabf e-flex e-con-boxed e-con e-parent\" data-id=\"e2cdabf\" data-element_type=\"container\" data-e-type=\"container\" data-settings=\"{&quot;background_background&quot;:&quot;classic&quot;}\">\n\t\t\t\t\t<div class=\"e-con-inner\">\n\t\t\t\t<div class=\"elementor-element elementor-element-e977b60 elementor-widget__width-initial elementor-widget elementor-widget-heading\" data-id=\"e977b60\" data-element_type=\"widget\" data-e-type=\"widget\" data-settings=\"{&quot;enabled_reveal&quot;:&quot;yes&quot;,&quot;reveal_direction&quot;:&quot;rl&quot;,&quot;reveal_speed&quot;:{&quot;unit&quot;:&quot;s&quot;,&quot;size&quot;:8.1,&quot;sizes&quot;:[]},&quot;reveal_bgcolor&quot;:&quot;#136AA426&quot;,&quot;reveal_delay&quot;:{&quot;unit&quot;:&quot;s&quot;,&quot;size&quot;:0,&quot;sizes&quot;:[]}}\" data-widget_type=\"heading.default\">\n\t\t\t\t\t<div id=\"reveal-e977b60\" class=\"revealFx\"><h1 class=\"elementor-heading-title elementor-size-default\">Licenses<\/h1><\/div>\t\t\t\t<\/div>\n\t\t\t\t<div class=\"elementor-element elementor-element-4f9bb09 elementor-widget__width-initial elementor-widget elementor-widget-text-editor\" data-id=\"4f9bb09\" data-element_type=\"widget\" data-e-type=\"widget\" data-settings=\"{&quot;enabled_reveal&quot;:&quot;yes&quot;,&quot;reveal_speed&quot;:{&quot;unit&quot;:&quot;s&quot;,&quot;size&quot;:8.4,&quot;sizes&quot;:[]},&quot;reveal_bgcolor&quot;:&quot;#136AA426&quot;,&quot;reveal_direction&quot;:&quot;c&quot;,&quot;reveal_delay&quot;:{&quot;unit&quot;:&quot;s&quot;,&quot;size&quot;:0,&quot;sizes&quot;:[]}}\" data-widget_type=\"text-editor.default\">\n\t\t\t\t\t<div id=\"reveal-4f9bb09\" class=\"revealFx\">\t\t\t\t<p>Get your workplace safety certifications quickly, securely and under Dumoulin standards.<\/p>\t\t\t\t<\/div>\t\t\t\t<\/div>\n\t\t\t\t\t<\/div>\n\t\t\t\t<\/div>\n\t\t<div class=\"elementor-element elementor-element-2b9b6ba e-flex e-con-boxed e-con e-parent\" data-id=\"2b9b6ba\" data-element_type=\"container\" data-e-type=\"container\">\n\t\t\t\t\t<div class=\"e-con-inner\">\n\t\t<div class=\"elementor-element elementor-element-ddbe97e e-con-full e-flex e-con e-child\" data-id=\"ddbe97e\" data-element_type=\"container\" data-e-type=\"container\">\n\t\t\t\t<div class=\"elementor-element elementor-element-7904820 dce_masking-none elementor-widget elementor-widget-image\" data-id=\"7904820\" data-element_type=\"widget\" data-e-type=\"widget\" data-widget_type=\"image.default\">\n\t\t\t\t\t\t\t\t\t\t\t\t\t\t\t<img fetchpriority=\"high\" decoding=\"async\" width=\"576\" height=\"1024\" src=\"https:\/\/dumoulinosh.com\/wp-content\/uploads\/2026\/03\/1-1-576x1024.png\" class=\"attachment-large size-large wp-image-997\" alt=\"\" srcset=\"https:\/\/dumoulinosh.com\/wp-content\/uploads\/2026\/03\/1-1-576x1024.png 576w, https:\/\/dumoulinosh.com\/wp-content\/uploads\/2026\/03\/1-1-169x300.png 169w, https:\/\/dumoulinosh.com\/wp-content\/uploads\/2026\/03\/1-1-768x1365.png 768w, https:\/\/dumoulinosh.com\/wp-content\/uploads\/2026\/03\/1-1-864x1536.png 864w, https:\/\/dumoulinosh.com\/wp-content\/uploads\/2026\/03\/1-1-1152x2048.png 1152w, https:\/\/dumoulinosh.com\/wp-content\/uploads\/2026\/03\/1-1-scaled.png 1440w\" sizes=\"(max-width: 576px) 100vw, 576px\" \/>\t\t\t\t\t\t\t\t\t\t\t\t\t\t\t<\/div>\n\t\t\t\t<div class=\"elementor-element elementor-element-ff1fd8f elementor-align-center elementor-widget elementor-widget-button\" data-id=\"ff1fd8f\" data-element_type=\"widget\" data-e-type=\"widget\" data-widget_type=\"button.default\">\n\t\t\t\t\t\t\t\t\t\t<a class=\"elementor-button elementor-button-link elementor-size-sm\" href=\"https:\/\/dumoulinosh.com\/en\/curso-industria-general-1910-osha\/\">\n\t\t\t\t\t\t<span class=\"elementor-button-content-wrapper\">\n\t\t\t\t\t\t\t\t\t<span class=\"elementor-button-text\">See the course<\/span>\n\t\t\t\t\t<\/span>\n\t\t\t\t\t<\/a>\n\t\t\t\t\t\t\t\t<\/div>\n\t\t\t\t<\/div>\n\t\t<div class=\"elementor-element elementor-element-0da281c e-con-full e-flex e-con e-child\" data-id=\"0da281c\" data-element_type=\"container\" data-e-type=\"container\">\n\t\t\t\t<div class=\"elementor-element elementor-element-448c7bc elementor-widget elementor-widget-heading\" data-id=\"448c7bc\" data-element_type=\"widget\" data-e-type=\"widget\" data-widget_type=\"heading.default\">\n\t\t\t\t\t<h2 class=\"elementor-heading-title elementor-size-default\">SST Supervisor<\/h2>\t\t\t\t<\/div>\n\t\t\t\t<div data-dce-text-color=\"#000000\" class=\"elementor-element elementor-element-201ef2f elementor-widget elementor-widget-text-editor\" data-id=\"201ef2f\" data-element_type=\"widget\" data-e-type=\"widget\" data-widget_type=\"text-editor.default\">\n\t\t\t\t\t\t\t\t\t<p>To obtain the SST Supervisor card, you don't take a single 62-hour course, but rather a combination of several specific modules:<\/p><p>Course \/ Certification<br \/>30 Hours<br \/>OSHA 30: Focus on health and safety standards in construction.<br \/>8 Hours<br \/>Fall Management (Fall<br \/>prevention) Risk #1 in NYC.<br \/>8 Hours<br \/>Chapter 33 of the NYC Code:<br \/>Local building<br \/>regulations<br \/>4 hours<br \/>Supported Scaffolding (Supported<br \/>Scaffold User): Installation and safety.<br \/>2 Hours<br \/>Ethics in the Workplace:<br \/>Professional responsibility and<br \/>honesty.<br \/>2 Hours<br \/>Substance Abuse Prevention:<br \/>Mental and Physical Safety<br \/>8 Hours<br \/>Elective Courses: Varied Topics<br \/>such as excavations, electricity, or tools.<\/p><p><strong>Important Note: If you already have the \"Worker\" card (40 hours), you only need to complete the additional 22 hours specific to supervisors to reach the 62-hour level.<\/strong><\/p>\t\t\t\t\t\t\t\t<\/div>\n\t\t\t\t<\/div>\n\t\t\t\t\t<\/div>\n\t\t\t\t<\/div>\n\t\t<div class=\"elementor-element elementor-element-21e77ac e-flex e-con-boxed e-con e-parent\" data-id=\"21e77ac\" data-element_type=\"container\" data-e-type=\"container\">\n\t\t\t\t\t<div class=\"e-con-inner\">\n\t\t<div class=\"elementor-element elementor-element-94dadcd e-con-full e-flex e-con e-child\" data-id=\"94dadcd\" data-element_type=\"container\" data-e-type=\"container\">\n\t\t\t\t<div class=\"elementor-element elementor-element-f4e9fe5 elementor-widget elementor-widget-heading\" data-id=\"f4e9fe5\" data-element_type=\"widget\" data-e-type=\"widget\" data-widget_type=\"heading.default\">\n\t\t\t\t\t<h2 class=\"elementor-heading-title elementor-size-default\">40-hour training<\/h2>\t\t\t\t<\/div>\n\t\t\t\t<div data-dce-text-color=\"#000000\" class=\"elementor-element elementor-element-40910fb elementor-widget elementor-widget-text-editor\" data-id=\"40910fb\" data-element_type=\"widget\" data-e-type=\"widget\" data-widget_type=\"text-editor.default\">\n\t\t\t\t\t\t\t\t\t<p><strong>What does the 40-hour training include?<\/strong><\/p><p>To obtain this credential, you generally need to complete a combination of specific courses:<\/p><ul><li>OSHA 30-Hour Construction: 30 hours of basic training on construction hazards (issued by the federal Department of Labor).<\/li><li>8-Hour Fall Prevention: 8 hours dedicated exclusively to fall prevention, which is the leading cause of fatalities in the sector.<\/li><li>2-Hour Drug and Alcohol: 2 hours on raising awareness of drug and alcohol use in the workplace.<\/li><li>What does the student receive?<br \/>Dos credenciales\u00a0una federal y otra estatal<\/li><\/ul>\t\t\t\t\t\t\t\t<\/div>\n\t\t\t\t<div class=\"elementor-element elementor-element-bd826cc elementor-align-justify elementor-widget elementor-widget-button\" data-id=\"bd826cc\" data-element_type=\"widget\" data-e-type=\"widget\" data-widget_type=\"button.default\">\n\t\t\t\t\t\t\t\t\t\t<a class=\"elementor-button elementor-button-link elementor-size-sm\" href=\"https:\/\/dumoulinosh.com\/en\/curso-industria-general-1910-osha\/\">\n\t\t\t\t\t\t<span class=\"elementor-button-content-wrapper\">\n\t\t\t\t\t\t\t\t\t<span class=\"elementor-button-text\">See the course<\/span>\n\t\t\t\t\t<\/span>\n\t\t\t\t\t<\/a>\n\t\t\t\t\t\t\t\t<\/div>\n\t\t\t\t<\/div>\n\t\t<div class=\"elementor-element elementor-element-065b7c8 e-con-full e-flex e-con e-child\" data-id=\"065b7c8\" data-element_type=\"container\" data-e-type=\"container\">\n\t\t\t\t<div class=\"elementor-element elementor-element-97c4b76 dce_masking-none elementor-widget elementor-widget-image\" data-id=\"97c4b76\" data-element_type=\"widget\" data-e-type=\"widget\" data-widget_type=\"image.default\">\n\t\t\t\t\t\t\t\t\t\t\t\t\t\t\t<img decoding=\"async\" width=\"576\" height=\"1024\" src=\"https:\/\/dumoulinosh.com\/wp-content\/uploads\/2026\/03\/2-1-576x1024.png\" class=\"attachment-large size-large wp-image-998\" alt=\"\" srcset=\"https:\/\/dumoulinosh.com\/wp-content\/uploads\/2026\/03\/2-1-576x1024.png 576w, https:\/\/dumoulinosh.com\/wp-content\/uploads\/2026\/03\/2-1-169x300.png 169w, https:\/\/dumoulinosh.com\/wp-content\/uploads\/2026\/03\/2-1-768x1365.png 768w, https:\/\/dumoulinosh.com\/wp-content\/uploads\/2026\/03\/2-1-864x1536.png 864w, https:\/\/dumoulinosh.com\/wp-content\/uploads\/2026\/03\/2-1-1152x2048.png 1152w, https:\/\/dumoulinosh.com\/wp-content\/uploads\/2026\/03\/2-1-scaled.png 1440w\" sizes=\"(max-width: 576px) 100vw, 576px\" \/>\t\t\t\t\t\t\t\t\t\t\t\t\t\t\t<\/div>\n\t\t\t\t<\/div>\n\t\t\t\t\t<\/div>\n\t\t\t\t<\/div>\n\t\t<div class=\"elementor-element elementor-element-2db6f12 e-flex e-con-boxed e-con e-parent\" data-id=\"2db6f12\" data-element_type=\"container\" data-e-type=\"container\">\n\t\t\t\t\t<div class=\"e-con-inner\">\n\t\t<div class=\"elementor-element elementor-element-a8ca89d e-con-full e-flex e-con e-child\" data-id=\"a8ca89d\" data-element_type=\"container\" data-e-type=\"container\">\n\t\t\t\t<div class=\"elementor-element elementor-element-bd5c13c elementor-widget elementor-widget-heading\" data-id=\"bd5c13c\" data-element_type=\"widget\" data-e-type=\"widget\" data-widget_type=\"heading.default\">\n\t\t\t\t\t<h2 class=\"elementor-heading-title elementor-size-default\">Worker Wallet<\/h2>\t\t\t\t<\/div>\n\t\t\t\t<div data-dce-text-color=\"#000000\" class=\"elementor-element elementor-element-0407869 elementor-widget elementor-widget-text-editor\" data-id=\"0407869\" data-element_type=\"widget\" data-e-type=\"widget\" data-widget_type=\"text-editor.default\">\n\t\t\t\t\t\t\t\t\t<p>TRAINING CERTIFICATIONS INCLUDED IN THE WORKER WALLET:<\/p><ul><li>User\/Operator of<\/li><li>Mast Climber and refresher<\/li><li>Climbing crane \/ tower crane rigger<\/li><li>Rigging supervisor<\/li><li>Rigging worker<\/li><li>Supported scaffold user<\/li><li>Scaffold installer and dismantler<\/li><li>User of suspended scaffolding<\/li><li>Suspended scaffold supervisor<\/li><li>Periodic gas pipeline inspector<\/li><\/ul><p>Existing worker qualification cards issued before November 1, 2024, must be replaced by July 1, 2025, in order for holders of any of the aforementioned certifications to be able to perform work requiring such certification.<\/p><p>To obtain a Worker Wallet card, visit a DOB-approved course provider. Course providers may charge an administrative fee to issue the Worker Wallet card.<\/p>\t\t\t\t\t\t\t\t<\/div>\n\t\t\t\t<\/div>\n\t\t<div class=\"elementor-element elementor-element-269c6b6 e-con-full e-flex e-con e-child\" data-id=\"269c6b6\" data-element_type=\"container\" data-e-type=\"container\">\n\t\t\t\t<div class=\"elementor-element elementor-element-1774e7b dce_masking-none elementor-widget elementor-widget-image\" data-id=\"1774e7b\" data-element_type=\"widget\" data-e-type=\"widget\" data-widget_type=\"image.default\">\n\t\t\t\t\t\t\t\t\t\t\t\t\t\t\t<img decoding=\"async\" width=\"576\" height=\"1024\" src=\"https:\/\/dumoulinosh.com\/wp-content\/uploads\/2026\/03\/3-1-576x1024.png\" class=\"attachment-large size-large wp-image-1000\" alt=\"\" srcset=\"https:\/\/dumoulinosh.com\/wp-content\/uploads\/2026\/03\/3-1-576x1024.png 576w, https:\/\/dumoulinosh.com\/wp-content\/uploads\/2026\/03\/3-1-169x300.png 169w, https:\/\/dumoulinosh.com\/wp-content\/uploads\/2026\/03\/3-1-768x1365.png 768w, https:\/\/dumoulinosh.com\/wp-content\/uploads\/2026\/03\/3-1-864x1536.png 864w, https:\/\/dumoulinosh.com\/wp-content\/uploads\/2026\/03\/3-1-1152x2048.png 1152w, https:\/\/dumoulinosh.com\/wp-content\/uploads\/2026\/03\/3-1-scaled.png 1440w\" sizes=\"(max-width: 576px) 100vw, 576px\" \/>\t\t\t\t\t\t\t\t\t\t\t\t\t\t\t<\/div>\n\t\t\t\t<div class=\"elementor-element elementor-element-77581f9 elementor-mobile-align-center elementor-widget elementor-widget-button\" data-id=\"77581f9\" data-element_type=\"widget\" data-e-type=\"widget\" data-widget_type=\"button.default\">\n\t\t\t\t\t\t\t\t\t\t<a class=\"elementor-button elementor-button-link elementor-size-sm\" href=\"https:\/\/dumoulinosh.com\/en\/curso-industria-general-1910-osha\/\">\n\t\t\t\t\t\t<span class=\"elementor-button-content-wrapper\">\n\t\t\t\t\t\t\t\t\t<span class=\"elementor-button-text\">See the course<\/span>\n\t\t\t\t\t<\/span>\n\t\t\t\t\t<\/a>\n\t\t\t\t\t\t\t\t<\/div>\n\t\t\t\t<\/div>\n\t\t\t\t\t<\/div>\n\t\t\t\t<\/div>\n\t\t<div data-dce-background-image-url=\"https:\/\/dumoulinosh.com\/wp-content\/uploads\/2026\/03\/ChatGPT-Image-9-mar-2026-09_43_18.png\" class=\"elementor-element elementor-element-5361de5 e-flex e-con-boxed e-con e-parent\" data-id=\"5361de5\" data-element_type=\"container\" data-e-type=\"container\" data-settings=\"{&quot;background_background&quot;:&quot;classic&quot;}\">\n\t\t\t\t\t<div class=\"e-con-inner\">\n\t\t<div class=\"elementor-element elementor-element-7f162ef e-con-full e-flex e-con e-child\" data-id=\"7f162ef\" data-element_type=\"container\" data-e-type=\"container\">\n\t\t\t\t<div class=\"elementor-element elementor-element-687d118 elementor-widget elementor-widget-heading\" data-id=\"687d118\" data-element_type=\"widget\" data-e-type=\"widget\" data-widget_type=\"heading.default\">\n\t\t\t\t\t<h2 class=\"elementor-heading-title elementor-size-default\">Let's talk about your team's security<\/h2>\t\t\t\t<\/div>\n\t\t\t\t<div class=\"elementor-element elementor-element-c0076fb elementor-widget elementor-widget-text-editor\" data-id=\"c0076fb\" data-element_type=\"widget\" data-e-type=\"widget\" data-widget_type=\"text-editor.default\">\n\t\t\t\t\t\t\t\t\tOur team is ready to help you choose the training or service that best suits your company's needs.\t\t\t\t\t\t\t\t<\/div>\n\t\t\t\t<div class=\"elementor-element elementor-element-de9dc2f elementor-align-left elementor-widget elementor-widget-button\" data-id=\"de9dc2f\" data-element_type=\"widget\" data-e-type=\"widget\" data-widget_type=\"button.default\">\n\t\t\t\t\t\t\t\t\t\t<a class=\"elementor-button elementor-button-link elementor-size-sm\" href=\"https:\/\/dumoulinosh.com\/en\/contacto\/\">\n\t\t\t\t\t\t<span class=\"elementor-button-content-wrapper\">\n\t\t\t\t\t\t\t\t\t<span class=\"elementor-button-text\">Contact us<\/span>\n\t\t\t\t\t<\/span>\n\t\t\t\t\t<\/a>\n\t\t\t\t\t\t\t\t<\/div>\n\t\t\t\t<\/div>\n\t\t\t\t\t<\/div>\n\t\t\t\t<\/div>\n\t\t\t\t<\/div>","protected":false},"excerpt":{"rendered":"<p>Licencias Obt\u00e9n tus certificaciones de seguridad laboral de forma r\u00e1pida, segura y bajo los est\u00e1ndares de Dumoulin. Ver el curso [&hellip;]<\/p>","protected":false},"author":1,"featured_media":0,"parent":0,"menu_order":0,"comment_status":"closed","ping_status":"closed","template":"","meta":{"_uag_custom_page_level_css":"","site-sidebar-layout":"no-sidebar","site-content-layout":"","ast-site-content-layout":"full-width-container","site-content-style":"default","site-sidebar-style":"default","ast-global-header-display":"","ast-banner-title-visibility":"","ast-main-header-display":"","ast-hfb-above-header-display":"","ast-hfb-below-header-display":"","ast-hfb-mobile-header-display":"","site-post-title":"disabled","ast-breadcrumbs-content":"","ast-featured-img":"disabled","footer-sml-layout":"","ast-disable-related-posts":"","theme-transparent-header-meta":"","adv-header-id-meta":"","stick-header-meta":"","header-above-stick-meta":"","header-main-stick-meta":"","header-below-stick-meta":"","astra-migrate-meta-layouts":"default","ast-page-background-enabled":"default","ast-page-background-meta":{"desktop":{"background-color":"var(--ast-global-color-5)","background-image":"","background-repeat":"repeat","background-position":"center center","background-size":"auto","background-attachment":"scroll","background-type":"","background-media":"","overlay-type":"","overlay-color":"","overlay-opacity":"","overlay-gradient":""},"tablet":{"background-color":"","background-image":"","background-repeat":"repeat","background-position":"center center","background-size":"auto","background-attachment":"scroll","background-type":"","background-media":"","overlay-type":"","overlay-color":"","overlay-opacity":"","overlay-gradient":""},"mobile":{"background-color":"","background-image":"","background-repeat":"repeat","background-position":"center center","background-size":"auto","background-attachment":"scroll","background-type":"","background-media":"","overlay-type":"","overlay-color":"","overlay-opacity":"","overlay-gradient":""}},"ast-content-background-meta":{"desktop":{"background-color":"var(--ast-global-color-4)","background-image":"","background-repeat":"repeat","background-position":"center center","background-size":"auto","background-attachment":"scroll","background-type":"","background-media":"","overlay-type":"","overlay-color":"","overlay-opacity":"","overlay-gradient":""},"tablet":{"background-color":"var(--ast-global-color-4)","background-image":"","background-repeat":"repeat","background-position":"center center","background-size":"auto","background-attachment":"scroll","background-type":"","background-media":"","overlay-type":"","overlay-color":"","overlay-opacity":"","overlay-gradient":""},"mobile":{"background-color":"var(--ast-global-color-4)","background-image":"","background-repeat":"repeat","background-position":"center center","background-size":"auto","background-attachment":"scroll","background-type":"","background-media":"","overlay-type":"","overlay-color":"","overlay-opacity":"","overlay-gradient":""}},"footnotes":""},"class_list":["post-1041","page","type-page","status-publish","hentry"],"_hostinger_reach_plugin_has_subscription_block":false,"_hostinger_reach_plugin_is_elementor":false,"uagb_featured_image_src":{"full":false,"thumbnail":false,"medium":false,"medium_large":false,"large":false,"1536x1536":false,"2048x2048":false,"trp-custom-language-flag":false,"gform-image-choice-sm":false,"gform-image-choice-md":false,"gform-image-choice-lg":false},"uagb_author_info":{"display_name":"dsemantica@gmail.com","author_link":"https:\/\/dumoulinosh.com\/en\/author\/dsemanticagmail-com\/"},"uagb_comment_info":0,"uagb_excerpt":"Licencias Obt\u00e9n tus certificaciones de seguridad laboral de forma r\u00e1pida, segura y bajo los est\u00e1ndares de Dumoulin. Ver el curso [&hellip;]","_links":{"self":[{"href":"https:\/\/dumoulinosh.com\/en\/wp-json\/wp\/v2\/pages\/1041","targetHints":{"allow":["GET"]}}],"collection":[{"href":"https:\/\/dumoulinosh.com\/en\/wp-json\/wp\/v2\/pages"}],"about":[{"href":"https:\/\/dumoulinosh.com\/en\/wp-json\/wp\/v2\/types\/page"}],"author":[{"embeddable":true,"href":"https:\/\/dumoulinosh.com\/en\/wp-json\/wp\/v2\/users\/1"}],"replies":[{"embeddable":true,"href":"https:\/\/dumoulinosh.com\/en\/wp-json\/wp\/v2\/comments?post=1041"}],"version-history":[{"count":10,"href":"https:\/\/dumoulinosh.com\/en\/wp-json\/wp\/v2\/pages\/1041\/revisions"}],"predecessor-version":[{"id":1057,"href":"https:\/\/dumoulinosh.com\/en\/wp-json\/wp\/v2\/pages\/1041\/revisions\/1057"}],"wp:attachment":[{"href":"https:\/\/dumoulinosh.com\/en\/wp-json\/wp\/v2\/media?parent=1041"}],"curies":[{"name":"wp","href":"https:\/\/api.w.org\/{rel}","templated":true}]}}